{"id":8593,"date":"2024-06-01T09:21:35","date_gmt":"2024-06-01T07:21:35","guid":{"rendered":"https:\/\/www.tecnodent.com\/?page_id=8593"},"modified":"2025-07-17T16:09:07","modified_gmt":"2025-07-17T14:09:07","slug":"chi-siamo","status":"publish","type":"page","link":"https:\/\/www.tecnodent.com\/it\/chi-siamo\/","title":{"rendered":"Chi siamo"},"content":{"rendered":"<h3><strong>I NOSTRI CORE VALUES:<\/strong><\/h3>\n<h2>LEALT\u00c0<\/h2>\n<p>La nostra azienda poggia su solide basi, che sono i nostri valori fondamentali!La lealt\u00e0 \u00e8 uno di questi, e noi ci crediamo fortemente!Siamo orgogliosi di aver instaurato rapporti di fiducia con i nostri dipendenti, partner e fornitori, grazie all&#8217;onest\u00e0 e alla trasparenza che ci lega a loro, portando queste relazioni al di l\u00e0 delle semplici questioni professionali.<\/p>\n<h2>RISPETTO<\/h2>\n<p>La nostra azienda poggia su solide basi, che sono i nostri valori fondamentali!Il rispetto \u00e8 uno di questi, e noi ci crediamo fortemente!Trattare le persone con gentilezza e rispetto per la loro individualit\u00e0 e le loro idee, indipendentemente dal loro ruolo e dal fatto che siano nostri dipendenti, clienti o fornitori, \u00e8 il nostro primo mantra quotidiano, e crediamo fermamente che questo sia un aspetto strategico fondamentale per un ambiente di lavoro efficiente e stimolante!Il rispetto favorisce la cooperazione e facilita il raggiungimento di obiettivi comuni.\u00c8 inoltre fondamentale avere rispetto per il nostro passato, perch\u00e9 ci\u00f2 che siamo oggi \u00e8 il risultato della nostra storia, e per il nostro futuro, preservando il patrimonio aziendale e prendendoci cura dell&#8217;ambiente che ci circonda.Impegniamoci tutti a praticare il rispetto ogni singolo momento&#8230; perch\u00e9 fa la differenza!<\/p>\n<h2>TRASPARENZA<\/h2>\n<p>La nostra azienda poggia su solide basi, che sono i nostri valori fondamentali!La trasparenza \u00e8 uno di questi e ci crediamo fortemente! Riteniamo che sia importante essere completamente trasparenti sul nostro processo produttivo e condividere le buone notizie cos\u00ec come le situazioni difficili. Lavorare fianco a fianco con i nostri dipendenti, fornitori e clienti \u00e8 il modo migliore per trovare soluzioni tempestive e garantire la soddisfazione di tutte le parti coinvolte.<\/p>\n<h2>FIDUCIA<\/h2>\n<p>La nostra azienda poggia su solide basi, che sono i nostri valori fondamentali!La fiducia \u00e8 uno di questi, e noi ci crediamo fortemente!La fiducia \u00e8 un elemento fondamentale dell&#8217;approccio Tecnodent: a livello personale, incoraggiamo la fiducia nelle proprie capacit\u00e0 e nelle attivit\u00e0 e nella collaborazione con i colleghi per raggiungere obiettivi comuni, perch\u00e9 ci piace pensare a noi stessi come a una famiglia allargata. Ma fiducia significa anche certezza assoluta che i nostri prodotti sono eccezionali e che i nostri materiali sono i migliori possibili, in modo da poter ispirare ogni giorno i nostri fedeli clienti e dimostrare loro che sono davvero in buone mani.<\/p>\n<h2>SOSTENIBILIT\u00c0<\/h2>\n<p>La nostra azienda poggia su solide basi, che sono i nostri valori fondamentali!La sostenibilit\u00e0 \u00e8 uno di questi e noi ci crediamo fortemente!Da anni Tecnodent si impegna a diventare un&#8217;azienda a impatto zero, contribuendo quotidianamente alla salvaguardia del pianeta e al benessere del proprio Team.Fare del bene facendo bene, ogni singolo giorno!<\/p>\n<h4>Scarica il Company Profile<\/h4>\n<p><a href=\"https:\/\/www.tecnodent.com\/wp-content\/uploads\/2023\/05\/TECNODENT-Company-Profile.pdf\" target=\"_blank\" rel=\"noopener\"><img loading=\"lazy\" decoding=\"async\" class=\"scale-with-grid\" src=\"https:\/\/www.tecnodent.com\/wp-content\/uploads\/2023\/05\/cp.png\" alt=\"cp\" width=\"300\" height=\"300\" \/><\/a><\/p>\n<h4>Scarica la certificazione ISO 13485<\/h4>\n<p><a href=\"https:\/\/www.tecnodent.com\/wp-content\/uploads\/2023\/05\/Certificate-IT320431_TECNODENT-SRLISO-13485-REV2_ITA.pdf\" target=\"_blank\" rel=\"noopener\"><img loading=\"lazy\" decoding=\"async\" class=\"scale-with-grid\" src=\"https:\/\/www.tecnodent.com\/wp-content\/uploads\/2023\/05\/Progetto-senza-titolo-3.png\" alt=\"Progetto senza titolo-3\" width=\"300\" height=\"300\" \/><\/a><\/p>\n<h4>Scarica la certificazione ISO 9001<\/h4>\n<p><a href=\"https:\/\/www.tecnodent.com\/wp-content\/uploads\/2023\/05\/Certificate-IT320432_TECNODENT-SRL-ISO-9001-REV2-ITA.pdf\" target=\"_blank\" rel=\"noopener\"><img loading=\"lazy\" decoding=\"async\" class=\"scale-with-grid\" src=\"https:\/\/www.tecnodent.com\/wp-content\/uploads\/2023\/05\/Progetto-senza-titolo-5-1.png\" alt=\"Progetto senza titolo-5\" width=\"300\" height=\"300\" \/><\/a><\/p>\n<h4>Scarica il nostroCodice Etico<\/h4>\n<p><a href=\"https:\/\/www.tecnodent.com\/wp-content\/uploads\/codice-etico.pdf\" target=\"_blank\" rel=\"noopener\"><img loading=\"lazy\" decoding=\"async\" class=\"scale-with-grid\" src=\"https:\/\/www.tecnodent.com\/wp-content\/uploads\/2023\/05\/copertina.png\" alt=\"copertina\" width=\"300\" height=\"300\" \/><\/a><br \/>\n<img decoding=\"async\" class=\"mfn-parallax\" style=\"opacity: 0;\" src=\"https:\/\/www.tecnodent.com\/wp-content\/uploads\/2018\/05\/defbackground-1.jpg\" alt=\"parallax background\" \/><\/p>\n<h1>WHO WE ARE<\/h1>\n<p><img loading=\"lazy\" decoding=\"async\" class=\"scale-with-grid\" src=\"https:\/\/www.tecnodent.com\/wp-content\/uploads\/2021\/01\/cromoterapy.jpg\" sizes=\"auto, (max-width:767px) 480px, (max-width:1024px) 100vw, 1024px\" srcset=\"https:\/\/www.tecnodent.com\/wp-content\/uploads\/2021\/01\/cromoterapy.jpg 1024w, https:\/\/www.tecnodent.com\/wp-content\/uploads\/2021\/01\/cromoterapy-300x201.jpg 300w, https:\/\/www.tecnodent.com\/wp-content\/uploads\/2021\/01\/cromoterapy-768x514.jpg 768w, https:\/\/www.tecnodent.com\/wp-content\/uploads\/2021\/01\/cromoterapy-218x146.jpg 218w, https:\/\/www.tecnodent.com\/wp-content\/uploads\/2021\/01\/cromoterapy-50x33.jpg 50w, https:\/\/www.tecnodent.com\/wp-content\/uploads\/2021\/01\/cromoterapy-112x75.jpg 112w\" alt=\"\" width=\"1024\" height=\"685\" \/><\/p>\n<h2>VISION<\/h2>\n<p>We are committed to doing better products trusting our people and respecting Mother Earth<\/p>\n<h2>MISSION<\/h2>\n<p>We passionately conceive, design and manufacture dental and medical ergonomic solutions, combining tradition and craftsmanship with innovation and technology for the utmost of our customer satisfaction<\/p>\n<p><img loading=\"lazy\" decoding=\"async\" class=\"scale-with-grid\" src=\"https:\/\/www.tecnodent.com\/wp-content\/uploads\/2018\/10\/lindanext03.jpg\" sizes=\"auto, (max-width:767px) 480px, (max-width:2048px) 100vw, 2048px\" srcset=\"https:\/\/www.tecnodent.com\/wp-content\/uploads\/2018\/10\/lindanext03.jpg 2048w, https:\/\/www.tecnodent.com\/wp-content\/uploads\/2018\/10\/lindanext03-300x200.jpg 300w, https:\/\/www.tecnodent.com\/wp-content\/uploads\/2018\/10\/lindanext03-768x512.jpg 768w, https:\/\/www.tecnodent.com\/wp-content\/uploads\/2018\/10\/lindanext03-1024x683.jpg 1024w, https:\/\/www.tecnodent.com\/wp-content\/uploads\/2018\/10\/lindanext03-219x146.jpg 219w, https:\/\/www.tecnodent.com\/wp-content\/uploads\/2018\/10\/lindanext03-50x33.jpg 50w, https:\/\/www.tecnodent.com\/wp-content\/uploads\/2018\/10\/lindanext03-113x75.jpg 113w\" alt=\"\" width=\"2048\" height=\"1365\" \/><br \/>\n<img loading=\"lazy\" decoding=\"async\" class=\"photo scale-with-grid\" src=\"https:\/\/www.tecnodent.com\/wp-content\/uploads\/2021\/01\/cromoterapy.jpg\" alt=\"cromoterapy\" width=\"1024\" height=\"685\" \/><\/p>\n<h4>VISION<\/h4>\n<p>We are committed to doing better products trusting our people and respecting Mother Earth<br \/>\n<img loading=\"lazy\" decoding=\"async\" class=\"photo scale-with-grid\" src=\"https:\/\/www.tecnodent.com\/wp-content\/uploads\/2019\/01\/lindanext03.jpg\" alt=\"lindanext03\" width=\"2048\" height=\"1365\" \/><\/p>\n<h4>MISSION<\/h4>\n<p>We passionately conceive, design and manufacture dental and medical ergonomic solutions, combining tradition and craftsmanship with innovation and technology for the utmost of our customer satisfaction<\/p>\n<h2>VALUES<\/h2>\n<h3>LOYALTY<\/h3>\n<p>Dictum suspendisse scelerisque sapien euismod litora pellentesque nisi dolor suspendisse felis arcu ipsum ornare ipsum.<br \/>\nInceptos curabitur lectus litora nibh viverra viverra scelerisque sodales metus libero morbi erat.<br \/>\nSed nostra sem rhoncus taciti tempor est magna platea molestie quam ante curae himenaeos.<\/p>\n<h3>RESPECT<\/h3>\n<p>Our company stands on solid foundations, which are our core values!<br \/>\nRespect is one of them, and we strongly believe in it!<br \/>\nTreating people with kindness and respect for their individuality and ideas, regardless of their role and whether they are our employees, customers, or suppliers, is our first daily mantra, and we firmly believe that this is a key strategic aspect for an efficient and thriving work environment!<br \/>\nRespect fosters cooperation and makes it easier to achieve common goals.<br \/>\nIt is also essential to have respect for our past because who we are today is the result of our history, and for our future, preserving the company&#8217;s assets and caring for the environment around us.<br \/>\nLet&#8217;s all commit to practicing respect every single moment&#8230;because it makes all the difference!<\/p>\n<h3>TRANSPARENCY<\/h3>\n<p>Dictum suspendisse scelerisque sapien euismod litora pellentesque nisi dolor suspendisse felis arcu ipsum ornare ipsum.<br \/>\nInceptos curabitur lectus litora nibh viverra viverra scelerisque sodales metus libero morbi erat.<br \/>\nSed nostra sem rhoncus taciti tempor est magna platea molestie quam ante curae himenaeos.<\/p>\n<h3>TRUST<\/h3>\n<p>Dictum suspendisse scelerisque sapien euismod litora pellentesque nisi dolor suspendisse felis arcu ipsum ornare ipsum.<br \/>\nInceptos curabitur lectus litora nibh viverra viverra scelerisque sodales metus libero morbi erat.<br \/>\nSed nostra sem rhoncus taciti tempor est magna platea molestie quam ante curae himenaeos.<\/p>\n<h3>SUSTAINABILITY<\/h3>\n<p>Our company stands on solid foundations, which are our core values!<br \/>\nSustainability is one of them, and we strongly believe in it.<br \/>\nFor years, Tecnodent has been committed to becoming a zero-impact company by making its daily contribution to safeguarding the planet, while ensuring the well-being of its Team.<br \/>\nDoing well by doing good every single day!<\/p>\n<p>TECNODENT fa parte del gruppo FAVERO HEALTH PROJECTS leader nello sviluppo, produzione e distribuzione di arredi per ospedali e per il settore sanitario.<\/p>\n<p><a tabindex=\"-1\" href=\"https:\/\/www.favero.it\/it\/azienda\" target=\"_blank\" rel=\"noopener\"><img loading=\"lazy\" decoding=\"async\" class=\"scale-with-grid\" src=\"https:\/\/www.tecnodent.com\/wp-content\/uploads\/2023\/06\/favero.png\" sizes=\"auto, (max-width:767px) 480px, (max-width:779px) 100vw, 779px\" srcset=\"https:\/\/www.tecnodent.com\/wp-content\/uploads\/2023\/06\/favero.png 779w, https:\/\/www.tecnodent.com\/wp-content\/uploads\/2023\/06\/favero-300x42.png 300w, https:\/\/www.tecnodent.com\/wp-content\/uploads\/2023\/06\/favero-768x108.png 768w, https:\/\/www.tecnodent.com\/wp-content\/uploads\/2023\/06\/favero-260x37.png 260w, https:\/\/www.tecnodent.com\/wp-content\/uploads\/2023\/06\/favero-50x7.png 50w, https:\/\/www.tecnodent.com\/wp-content\/uploads\/2023\/06\/favero-150x21.png 150w\" alt=\"\" width=\"779\" height=\"110\" \/><\/a><a class=\"link\" tabindex=\"-1\" href=\"https:\/\/www.favero.it\/it\/azienda\" target=\"_blank\" rel=\"noopener\">.path{fill:none;stroke:#333;stroke-miterlimit:10;stroke-width:1.5px;}<\/a><\/p>\n","protected":false},"excerpt":{"rendered":"<p>I NOSTRI CORE VALUES: LEALT\u00c0 La nostra azienda poggia su solide basi, che sono i nostri valori fondamentali!La lealt\u00e0 \u00e8 uno di questi, e noi ci<span class=\"excerpt-hellip\"> [\u2026]<\/span><\/p>\n","protected":false},"author":4,"featured_media":8979,"parent":0,"menu_order":0,"comment_status":"closed","ping_status":"closed","template":"","meta":{"footnotes":""},"class_list":["post-8593","page","type-page","status-publish","has-post-thumbnail","hentry"],"yoast_head":"<!-- This site is optimized with the Yoast SEO plugin v27.3 - https:\/\/yoast.com\/product\/yoast-seo-wordpress\/ -->\n<title>Chi siamo - Tecnodent<\/title>\n<meta name=\"description\" content=\"Chi siamo - Tecnodent - Concepiamo, progettiamo e produciamo soluzioni ergonomiche per il settore medicale e dentale.\" \/>\n<meta name=\"robots\" content=\"index, follow, max-snippet:-1, max-image-preview:large, max-video-preview:-1\" \/>\n<link rel=\"canonical\" href=\"https:\/\/www.tecnodent.com\/it\/chi-siamo\/\" \/>\n<meta property=\"og:locale\" content=\"it_IT\" \/>\n<meta property=\"og:type\" content=\"article\" \/>\n<meta property=\"og:title\" content=\"Chi siamo - Tecnodent\" \/>\n<meta property=\"og:description\" content=\"Chi siamo - Tecnodent - Concepiamo, progettiamo e produciamo soluzioni ergonomiche per il settore medicale e dentale.\" \/>\n<meta property=\"og:url\" content=\"https:\/\/www.tecnodent.com\/it\/chi-siamo\/\" \/>\n<meta property=\"og:site_name\" content=\"Tecnodent\" \/>\n<meta property=\"article:publisher\" content=\"https:\/\/www.facebook.com\/tecnodentsrl\" \/>\n<meta property=\"article:modified_time\" content=\"2025-07-17T14:09:07+00:00\" \/>\n<meta property=\"og:image\" content=\"https:\/\/www.tecnodent.com\/wp-content\/uploads\/2023\/05\/image003.png\" \/>\n\t<meta property=\"og:image:width\" content=\"1032\" \/>\n\t<meta property=\"og:image:height\" content=\"697\" \/>\n\t<meta property=\"og:image:type\" content=\"image\/png\" \/>\n<meta name=\"twitter:card\" content=\"summary_large_image\" \/>\n<meta name=\"twitter:label1\" content=\"Tempo di lettura stimato\" \/>\n\t<meta name=\"twitter:data1\" content=\"7 minuti\" \/>\n<script type=\"application\/ld+json\" class=\"yoast-schema-graph\">{\"@context\":\"https:\\\/\\\/schema.org\",\"@graph\":[{\"@type\":\"WebPage\",\"@id\":\"https:\\\/\\\/www.tecnodent.com\\\/it\\\/chi-siamo\\\/\",\"url\":\"https:\\\/\\\/www.tecnodent.com\\\/it\\\/chi-siamo\\\/\",\"name\":\"Chi siamo - Tecnodent\",\"isPartOf\":{\"@id\":\"https:\\\/\\\/www.tecnodent.com\\\/it\\\/#website\"},\"primaryImageOfPage\":{\"@id\":\"https:\\\/\\\/www.tecnodent.com\\\/it\\\/chi-siamo\\\/#primaryimage\"},\"image\":{\"@id\":\"https:\\\/\\\/www.tecnodent.com\\\/it\\\/chi-siamo\\\/#primaryimage\"},\"thumbnailUrl\":\"https:\\\/\\\/www.tecnodent.com\\\/wp-content\\\/uploads\\\/2023\\\/05\\\/image003.png\",\"datePublished\":\"2024-06-01T07:21:35+00:00\",\"dateModified\":\"2025-07-17T14:09:07+00:00\",\"description\":\"Chi siamo - Tecnodent - Concepiamo, progettiamo e produciamo soluzioni ergonomiche per il settore medicale e dentale.\",\"breadcrumb\":{\"@id\":\"https:\\\/\\\/www.tecnodent.com\\\/it\\\/chi-siamo\\\/#breadcrumb\"},\"inLanguage\":\"it-IT\",\"potentialAction\":[{\"@type\":\"ReadAction\",\"target\":[\"https:\\\/\\\/www.tecnodent.com\\\/it\\\/chi-siamo\\\/\"]}]},{\"@type\":\"ImageObject\",\"inLanguage\":\"it-IT\",\"@id\":\"https:\\\/\\\/www.tecnodent.com\\\/it\\\/chi-siamo\\\/#primaryimage\",\"url\":\"https:\\\/\\\/www.tecnodent.com\\\/wp-content\\\/uploads\\\/2023\\\/05\\\/image003.png\",\"contentUrl\":\"https:\\\/\\\/www.tecnodent.com\\\/wp-content\\\/uploads\\\/2023\\\/05\\\/image003.png\",\"width\":1032,\"height\":697,\"caption\":\"Chi siamo - Tecnodent\"},{\"@type\":\"BreadcrumbList\",\"@id\":\"https:\\\/\\\/www.tecnodent.com\\\/it\\\/chi-siamo\\\/#breadcrumb\",\"itemListElement\":[{\"@type\":\"ListItem\",\"position\":1,\"name\":\"Home\",\"item\":\"https:\\\/\\\/www.tecnodent.com\\\/it\\\/\"},{\"@type\":\"ListItem\",\"position\":2,\"name\":\"Chi siamo\"}]},{\"@type\":\"WebSite\",\"@id\":\"https:\\\/\\\/www.tecnodent.com\\\/it\\\/#website\",\"url\":\"https:\\\/\\\/www.tecnodent.com\\\/it\\\/\",\"name\":\"Tecnodent\",\"description\":\"Ergonomic Innovation\",\"publisher\":{\"@id\":\"https:\\\/\\\/www.tecnodent.com\\\/it\\\/#organization\"},\"potentialAction\":[{\"@type\":\"SearchAction\",\"target\":{\"@type\":\"EntryPoint\",\"urlTemplate\":\"https:\\\/\\\/www.tecnodent.com\\\/it\\\/?s={search_term_string}\"},\"query-input\":{\"@type\":\"PropertyValueSpecification\",\"valueRequired\":true,\"valueName\":\"search_term_string\"}}],\"inLanguage\":\"it-IT\"},{\"@type\":\"Organization\",\"@id\":\"https:\\\/\\\/www.tecnodent.com\\\/it\\\/#organization\",\"name\":\"Tecnodent\",\"url\":\"https:\\\/\\\/www.tecnodent.com\\\/it\\\/\",\"logo\":{\"@type\":\"ImageObject\",\"inLanguage\":\"it-IT\",\"@id\":\"https:\\\/\\\/www.tecnodent.com\\\/it\\\/#\\\/schema\\\/logo\\\/image\\\/\",\"url\":\"https:\\\/\\\/www.tecnodent.com\\\/wp-content\\\/uploads\\\/2024\\\/06\\\/Logo-Tecnodent-1.jpg\",\"contentUrl\":\"https:\\\/\\\/www.tecnodent.com\\\/wp-content\\\/uploads\\\/2024\\\/06\\\/Logo-Tecnodent-1.jpg\",\"width\":696,\"height\":696,\"caption\":\"Tecnodent\"},\"image\":{\"@id\":\"https:\\\/\\\/www.tecnodent.com\\\/it\\\/#\\\/schema\\\/logo\\\/image\\\/\"},\"sameAs\":[\"https:\\\/\\\/www.facebook.com\\\/tecnodentsrl\",\"https:\\\/\\\/www.instagram.com\\\/tecnodent_ergonomic_innovation\\\/\"]}]}<\/script>\n<!-- \/ Yoast SEO plugin. -->","yoast_head_json":{"title":"Chi siamo - Tecnodent","description":"Chi siamo - Tecnodent - Concepiamo, progettiamo e produciamo soluzioni ergonomiche per il settore medicale e dentale.","robots":{"index":"index","follow":"follow","max-snippet":"max-snippet:-1","max-image-preview":"max-image-preview:large","max-video-preview":"max-video-preview:-1"},"canonical":"https:\/\/www.tecnodent.com\/it\/chi-siamo\/","og_locale":"it_IT","og_type":"article","og_title":"Chi siamo - Tecnodent","og_description":"Chi siamo - Tecnodent - Concepiamo, progettiamo e produciamo soluzioni ergonomiche per il settore medicale e dentale.","og_url":"https:\/\/www.tecnodent.com\/it\/chi-siamo\/","og_site_name":"Tecnodent","article_publisher":"https:\/\/www.facebook.com\/tecnodentsrl","article_modified_time":"2025-07-17T14:09:07+00:00","og_image":[{"width":1032,"height":697,"url":"https:\/\/www.tecnodent.com\/wp-content\/uploads\/2023\/05\/image003.png","type":"image\/png"}],"twitter_card":"summary_large_image","twitter_misc":{"Tempo di lettura stimato":"7 minuti"},"schema":{"@context":"https:\/\/schema.org","@graph":[{"@type":"WebPage","@id":"https:\/\/www.tecnodent.com\/it\/chi-siamo\/","url":"https:\/\/www.tecnodent.com\/it\/chi-siamo\/","name":"Chi siamo - Tecnodent","isPartOf":{"@id":"https:\/\/www.tecnodent.com\/it\/#website"},"primaryImageOfPage":{"@id":"https:\/\/www.tecnodent.com\/it\/chi-siamo\/#primaryimage"},"image":{"@id":"https:\/\/www.tecnodent.com\/it\/chi-siamo\/#primaryimage"},"thumbnailUrl":"https:\/\/www.tecnodent.com\/wp-content\/uploads\/2023\/05\/image003.png","datePublished":"2024-06-01T07:21:35+00:00","dateModified":"2025-07-17T14:09:07+00:00","description":"Chi siamo - Tecnodent - Concepiamo, progettiamo e produciamo soluzioni ergonomiche per il settore medicale e dentale.","breadcrumb":{"@id":"https:\/\/www.tecnodent.com\/it\/chi-siamo\/#breadcrumb"},"inLanguage":"it-IT","potentialAction":[{"@type":"ReadAction","target":["https:\/\/www.tecnodent.com\/it\/chi-siamo\/"]}]},{"@type":"ImageObject","inLanguage":"it-IT","@id":"https:\/\/www.tecnodent.com\/it\/chi-siamo\/#primaryimage","url":"https:\/\/www.tecnodent.com\/wp-content\/uploads\/2023\/05\/image003.png","contentUrl":"https:\/\/www.tecnodent.com\/wp-content\/uploads\/2023\/05\/image003.png","width":1032,"height":697,"caption":"Chi siamo - Tecnodent"},{"@type":"BreadcrumbList","@id":"https:\/\/www.tecnodent.com\/it\/chi-siamo\/#breadcrumb","itemListElement":[{"@type":"ListItem","position":1,"name":"Home","item":"https:\/\/www.tecnodent.com\/it\/"},{"@type":"ListItem","position":2,"name":"Chi siamo"}]},{"@type":"WebSite","@id":"https:\/\/www.tecnodent.com\/it\/#website","url":"https:\/\/www.tecnodent.com\/it\/","name":"Tecnodent","description":"Ergonomic Innovation","publisher":{"@id":"https:\/\/www.tecnodent.com\/it\/#organization"},"potentialAction":[{"@type":"SearchAction","target":{"@type":"EntryPoint","urlTemplate":"https:\/\/www.tecnodent.com\/it\/?s={search_term_string}"},"query-input":{"@type":"PropertyValueSpecification","valueRequired":true,"valueName":"search_term_string"}}],"inLanguage":"it-IT"},{"@type":"Organization","@id":"https:\/\/www.tecnodent.com\/it\/#organization","name":"Tecnodent","url":"https:\/\/www.tecnodent.com\/it\/","logo":{"@type":"ImageObject","inLanguage":"it-IT","@id":"https:\/\/www.tecnodent.com\/it\/#\/schema\/logo\/image\/","url":"https:\/\/www.tecnodent.com\/wp-content\/uploads\/2024\/06\/Logo-Tecnodent-1.jpg","contentUrl":"https:\/\/www.tecnodent.com\/wp-content\/uploads\/2024\/06\/Logo-Tecnodent-1.jpg","width":696,"height":696,"caption":"Tecnodent"},"image":{"@id":"https:\/\/www.tecnodent.com\/it\/#\/schema\/logo\/image\/"},"sameAs":["https:\/\/www.facebook.com\/tecnodentsrl","https:\/\/www.instagram.com\/tecnodent_ergonomic_innovation\/"]}]}},"_links":{"self":[{"href":"https:\/\/www.tecnodent.com\/it\/wp-json\/wp\/v2\/pages\/8593","targetHints":{"allow":["GET"]}}],"collection":[{"href":"https:\/\/www.tecnodent.com\/it\/wp-json\/wp\/v2\/pages"}],"about":[{"href":"https:\/\/www.tecnodent.com\/it\/wp-json\/wp\/v2\/types\/page"}],"author":[{"embeddable":true,"href":"https:\/\/www.tecnodent.com\/it\/wp-json\/wp\/v2\/users\/4"}],"replies":[{"embeddable":true,"href":"https:\/\/www.tecnodent.com\/it\/wp-json\/wp\/v2\/comments?post=8593"}],"version-history":[{"count":5,"href":"https:\/\/www.tecnodent.com\/it\/wp-json\/wp\/v2\/pages\/8593\/revisions"}],"predecessor-version":[{"id":11682,"href":"https:\/\/www.tecnodent.com\/it\/wp-json\/wp\/v2\/pages\/8593\/revisions\/11682"}],"wp:featuredmedia":[{"embeddable":true,"href":"https:\/\/www.tecnodent.com\/it\/wp-json\/wp\/v2\/media\/8979"}],"wp:attachment":[{"href":"https:\/\/www.tecnodent.com\/it\/wp-json\/wp\/v2\/media?parent=8593"}],"curies":[{"name":"wp","href":"https:\/\/api.w.org\/{rel}","templated":true}]}}