{"id":7827,"date":"2024-06-01T15:43:00","date_gmt":"2024-06-01T13:43:00","guid":{"rendered":"https:\/\/www.tecnodent.com\/?page_id=7827"},"modified":"2024-06-22T20:03:21","modified_gmt":"2024-06-22T18:03:21","slug":"audiologia-otorinolaringoiatria-otoologia","status":"publish","type":"page","link":"https:\/\/www.tecnodent.com\/it\/audiologia-otorinolaringoiatria-otoologia\/","title":{"rendered":"Audiologia  Otorinolaringoiatria Otoologia"},"content":{"rendered":"<h2>AUDIOLOGIA, OTORINOLARINGOIATRIA, OTOOLOGIA<\/h2>\n<h2>AUDIOLOGIA, OTORINOLARINGOIATRIA, OTOOLOGIA<\/h2>\n<p><img loading=\"lazy\" decoding=\"async\" class=\"scale-with-grid alignnone\" src=\"https:\/\/www.tecnodent.com\/wp-content\/uploads\/2018\/07\/linda33-1.png\" sizes=\"auto, (max-width:767px) 480px, 695px\" srcset=\"https:\/\/www.tecnodent.com\/wp-content\/uploads\/2018\/07\/linda33-1.png 695w, https:\/\/www.tecnodent.com\/wp-content\/uploads\/2018\/07\/linda33-1-300x216.png 300w, https:\/\/www.tecnodent.com\/wp-content\/uploads\/2018\/07\/linda33-1-203x146.png 203w, https:\/\/www.tecnodent.com\/wp-content\/uploads\/2018\/07\/linda33-1-50x36.png 50w, https:\/\/www.tecnodent.com\/wp-content\/uploads\/2018\/07\/linda33-1-104x75.png 104w\" alt=\"Audiologia Otorinolaringoiatria Otoologia\" width=\"695\" height=\"500\" \/><\/p>\n<h2>LINDA 3<\/h2>\n<p>La poltrona knee break sempre attuale, particolarmente adatta a piccoli spazi e a pazienti con esigenze particolari. Indicata per la semplice visita medica generica ma anche per impieghi pi\u00f9 specifici fra i quali: beauty &amp; trattamenti laser \/ dermatologia \/ estetica \/ maxillo-facciale \/ neurostimolazione \/ odontoiatria protesica \/ tricologia<\/p>\n<p><a class=\"button  button_size_2 button_dark\" href=\"https:\/\/www.tecnodent.com\/it\/soluzioni-medicali\/linda-3\/\"><span class=\"button_label\">LEGGI I DETTAGLI<\/span><\/a><\/p>\n<h2>LINDA 3 3 MOTORI<\/h2>\n<p>Con il suo appoggia gambe indipendente, questa poltrona knee break \u00e8 concepita per soddisfare le richieste tipiche dei trattamenti pi\u00f9 impegnativi, dalla semplice visita medica generica agli impieghi pi\u00f9 specifici quali: beauty &amp; trattamenti laser \/ chirurgia ambulatoriale \/ dermatologia \/ diabetologia \/ endocrinologia \/ estetica \/ maxillo-facciale \/ neurostimolazione \/ odontoiatria protesica \/ tricologia<\/p>\n<p><a class=\"button  button_size_2 button_dark\" href=\"https:\/\/www.tecnodent.com\/it\/soluzioni-medicali\/linda-3-3-motori\/\"><span class=\"button_label\">LEGGI I DETTAGLI<\/span><\/a><br \/>\n<img loading=\"lazy\" decoding=\"async\" class=\"scale-with-grid alignnone\" src=\"https:\/\/www.tecnodent.com\/wp-content\/uploads\/revslider\/linda33motors\/libda33motors.png\" sizes=\"auto, (max-width:767px) 480px, 695px\" srcset=\"https:\/\/www.tecnodent.com\/wp-content\/uploads\/revslider\/linda33motors\/libda33motors.png 695w, https:\/\/www.tecnodent.com\/wp-content\/uploads\/revslider\/linda33motors\/libda33motors-300x216.png 300w, https:\/\/www.tecnodent.com\/wp-content\/uploads\/revslider\/linda33motors\/libda33motors-203x146.png 203w, https:\/\/www.tecnodent.com\/wp-content\/uploads\/revslider\/linda33motors\/libda33motors-50x36.png 50w, https:\/\/www.tecnodent.com\/wp-content\/uploads\/revslider\/linda33motors\/libda33motors-104x75.png 104w\" alt=\"Audiologia Otorinolaringoiatria Otoologia\" width=\"695\" height=\"500\" \/><br \/>\n<img loading=\"lazy\" decoding=\"async\" class=\"scale-with-grid alignnone\" src=\"https:\/\/www.tecnodent.com\/wp-content\/uploads\/2018\/10\/lindanextslide1.png\" sizes=\"auto, (max-width:767px) 480px, 695px\" srcset=\"https:\/\/www.tecnodent.com\/wp-content\/uploads\/2018\/10\/lindanextslide1.png 695w, https:\/\/www.tecnodent.com\/wp-content\/uploads\/2018\/10\/lindanextslide1-300x216.png 300w, https:\/\/www.tecnodent.com\/wp-content\/uploads\/2018\/10\/lindanextslide1-203x146.png 203w, https:\/\/www.tecnodent.com\/wp-content\/uploads\/2018\/10\/lindanextslide1-50x36.png 50w, https:\/\/www.tecnodent.com\/wp-content\/uploads\/2018\/10\/lindanextslide1-104x75.png 104w\" alt=\"Audiologia Otorinolaringoiatria Otoologia\" width=\"695\" height=\"500\" \/><\/p>\n<h2>LINDA NEXT<\/h2>\n<p>L\u2019evoluzione delle poltrone knee break modello Linda, che coniuga elegante design moderno, ampia possibilit\u00e0 di personalizzazioni e caratteristiche uniche all\u2019 elevata capacit\u00e0 di sollevamento. Indicata per la semplice visita medica generica ma anche per impieghi specifici fra i quali: beauty &amp; trattamenti laser \/ chirurgia ambulatoriale \/ dermatologia \/ diabetologia \/ endocrinologia \/ estetica \/ maxillo-facciale \/ neurostimolazione \/ odontoiatria protesica \/ tricologia<\/p>\n<p><a class=\"button  button_size_2 button_dark\" href=\"https:\/\/www.tecnodent.com\/it\/soluzioni-medicali\/linda-next\/\"><span class=\"button_label\">LEGGI I DETTAGLI<\/span><\/a><\/p>\n<h2>LINDA EVO<\/h2>\n<p>LINDA EVO \u00e8 la poltrona knee-break di fascia media per eccellenza, che incarna un design moderno elegante ma compatto, uno stile funzionale ed ergonomico. \u00c8 concepita per soddisfare le richieste tipiche dei trattamenti pi\u00f9 impegnativi, dalla semplice visita medica generica agli impieghi pi\u00f9 specifici quali: beauty &amp; trattamenti laser \/ chirurgia ambulatoriale \/ dermatologia \/ diabetologia \/ endocrinologia \/ estetica \/ maxillo-facciale \/ neurostimolazione \/ odontoiatria protesica \/ tricologia<\/p>\n<p><a class=\"button  button_size_2 button_dark\" href=\"https:\/\/www.tecnodent.com\/it\/poltrone-dentali\/linda-evo\/\"><span class=\"button_label\">LEGGI I DETTAGLI<\/span><\/a><br \/>\n<img loading=\"lazy\" decoding=\"async\" class=\"scale-with-grid alignnone\" src=\"https:\/\/www.tecnodent.com\/wp-content\/uploads\/2022\/02\/linda-evo.png\" sizes=\"auto, (max-width:767px) 480px, 695px\" srcset=\"https:\/\/www.tecnodent.com\/wp-content\/uploads\/2022\/02\/linda-evo.png 695w, https:\/\/www.tecnodent.com\/wp-content\/uploads\/2022\/02\/linda-evo-300x216.png 300w, https:\/\/www.tecnodent.com\/wp-content\/uploads\/2022\/02\/linda-evo-203x146.png 203w, https:\/\/www.tecnodent.com\/wp-content\/uploads\/2022\/02\/linda-evo-50x36.png 50w, https:\/\/www.tecnodent.com\/wp-content\/uploads\/2022\/02\/linda-evo-104x75.png 104w\" alt=\"Audiologia Otorinolaringoiatria Otoologia\" width=\"695\" height=\"500\" \/><\/p>\n<h2>LINDA ORL<\/h2>\n<p>L\u2019evoluzione della poltrona knee break Linda 3 equipaggiata di schienale e gambale a 90\u00b0 \u2013 base girevole e telecomando a infrarossi. Consigliata dalla semplice visita medica generica agli impieghi pi\u00f9 specifici in ambito di: audiologia\/beauty &amp; trattamenti laser \/ dermatologia \/ estetica \/ neurostimolazione \/ odontoiatria protesica \/ oftalmologia \/ ORL \/ otologia\/ tricologia<\/p>\n<p><a class=\"button  button_size_2 button_dark\" href=\"https:\/\/www.tecnodent.com\/it\/soluzioni-medicali\/linda3-orl\/\"><span class=\"button_label\">LEGGI I DETTAGLI<\/span><\/a><br \/>\n<img loading=\"lazy\" decoding=\"async\" class=\"scale-with-grid alignnone\" src=\"https:\/\/www.tecnodent.com\/wp-content\/uploads\/2020\/09\/orl.png\" sizes=\"auto, (max-width:767px) 480px, 500px\" srcset=\"https:\/\/www.tecnodent.com\/wp-content\/uploads\/2020\/09\/orl.png 500w, https:\/\/www.tecnodent.com\/wp-content\/uploads\/2020\/09\/orl-300x300.png 300w, https:\/\/www.tecnodent.com\/wp-content\/uploads\/2020\/09\/orl-150x150.png 150w, https:\/\/www.tecnodent.com\/wp-content\/uploads\/2020\/09\/orl-146x146.png 146w, https:\/\/www.tecnodent.com\/wp-content\/uploads\/2020\/09\/orl-50x50.png 50w, https:\/\/www.tecnodent.com\/wp-content\/uploads\/2020\/09\/orl-75x75.png 75w, https:\/\/www.tecnodent.com\/wp-content\/uploads\/2020\/09\/orl-85x85.png 85w, https:\/\/www.tecnodent.com\/wp-content\/uploads\/2020\/09\/orl-80x80.png 80w\" alt=\"Audiologia Otorinolaringoiatria Otoologia\" width=\"500\" height=\"500\" \/><br \/>\n<img loading=\"lazy\" decoding=\"async\" class=\"scale-with-grid alignnone\" src=\"https:\/\/www.tecnodent.com\/wp-content\/uploads\/2018\/07\/linda3podo-1.png\" sizes=\"auto, (max-width:767px) 480px, 695px\" srcset=\"https:\/\/www.tecnodent.com\/wp-content\/uploads\/2018\/07\/linda3podo-1.png 695w, https:\/\/www.tecnodent.com\/wp-content\/uploads\/2018\/07\/linda3podo-1-300x216.png 300w, https:\/\/www.tecnodent.com\/wp-content\/uploads\/2018\/07\/linda3podo-1-203x146.png 203w, https:\/\/www.tecnodent.com\/wp-content\/uploads\/2018\/07\/linda3podo-1-50x36.png 50w, https:\/\/www.tecnodent.com\/wp-content\/uploads\/2018\/07\/linda3podo-1-104x75.png 104w\" alt=\"\" width=\"695\" height=\"500\" \/><\/p>\n<h2>PODO<\/h2>\n<p>Elegante, compatta e solida questa poltrona multifunzione a 3 motori con gambale indipendente consente utilizzi che spaziano dalla diabetologia, estetica, podologia alla visita medica generica<\/p>\n<p><a class=\"button  button_size_2 button_dark\" href=\"https:\/\/www.tecnodent.com\/it\/soluzioni-medicali\/linda3-podo\/\"><span class=\"button_label\">LEGGI I DETTAGLI<\/span><\/a><\/p>\n<h2>PODO Bis<\/h2>\n<p>Poltrona Podologica dal design elegante e compatto. I caratteristici gambali indipendenti a regolazione manuale permettono all\u2019operatore di scegliere il miglior posizionamento del piede paziente nell\u2019ottica del trattamento ottimale. Raccomandata per estetica, diabetologia e podologia<\/p>\n<p><a class=\"button  button_size_2 button_dark\" href=\"https:\/\/www.tecnodent.com\/it\/soluzioni-medicali\/linda3-podobis\/\"><span class=\"button_label\">LEGGI I DETTAGLI<\/span><\/a><br \/>\n<img loading=\"lazy\" decoding=\"async\" class=\"scale-with-grid alignnone\" src=\"https:\/\/www.tecnodent.com\/wp-content\/uploads\/2020\/09\/linda3-podo-bis.png\" sizes=\"auto, (max-width:767px) 480px, 638px\" srcset=\"https:\/\/www.tecnodent.com\/wp-content\/uploads\/2020\/09\/linda3-podo-bis.png 638w, https:\/\/www.tecnodent.com\/wp-content\/uploads\/2020\/09\/linda3-podo-bis-300x184.png 300w, https:\/\/www.tecnodent.com\/wp-content\/uploads\/2020\/09\/linda3-podo-bis-238x146.png 238w, https:\/\/www.tecnodent.com\/wp-content\/uploads\/2020\/09\/linda3-podo-bis-50x31.png 50w, https:\/\/www.tecnodent.com\/wp-content\/uploads\/2020\/09\/linda3-podo-bis-122x75.png 122w\" alt=\"Audiologia Otorinolaringoiatria Otoologia\" width=\"638\" height=\"391\" \/><br \/>\n<img loading=\"lazy\" decoding=\"async\" class=\"scale-with-grid alignnone\" src=\"https:\/\/www.tecnodent.com\/wp-content\/uploads\/2018\/10\/serenitynext1.png\" sizes=\"auto, (max-width:767px) 480px, 695px\" srcset=\"https:\/\/www.tecnodent.com\/wp-content\/uploads\/2018\/10\/serenitynext1.png 695w, https:\/\/www.tecnodent.com\/wp-content\/uploads\/2018\/10\/serenitynext1-300x216.png 300w, https:\/\/www.tecnodent.com\/wp-content\/uploads\/2018\/10\/serenitynext1-203x146.png 203w, https:\/\/www.tecnodent.com\/wp-content\/uploads\/2018\/10\/serenitynext1-50x36.png 50w, https:\/\/www.tecnodent.com\/wp-content\/uploads\/2018\/10\/serenitynext1-104x75.png 104w\" alt=\"\" width=\"695\" height=\"500\" \/><\/p>\n<h2>SERENITY NEXT<\/h2>\n<p>Design rassicurante, ergonomia e funzionalit\u00e0. Capacit\u00e0 di sollevamento fino a 250 Kg. Funzioni avanzate per il massimo comfort dell\u2019operatore e del paziente. Indicata per ecografia diagnostica \/ ginecologia \/ isteroscopia diagnostica \/ monitoraggio ostetrico \/ procreazione assistita \/ proctologia \/ screening e colposcopia \/ trattamenti laser \/ urologia<\/p>\n<p><a class=\"button  button_size_2 button_dark\" href=\"https:\/\/www.tecnodent.com\/it\/soluzioni-medicali\/serenity-next\/\"><span class=\"button_label\">LEGGI I DETTAGLI<\/span><\/a><\/p>\n<h2>STING<\/h2>\n<p>La chaise longue entry level Premium con design futuristico e struttura in alluminio. Indicata per prima consultazione, beauty &amp; trattamenti laser, neurostimolazione, odontoiatria protesica<\/p>\n<p><a class=\"button  button_size_2 button_dark\" href=\"https:\/\/www.tecnodent.com\/it\/soluzioni-medicali\/sting\/\"><span class=\"button_label\">LEGGI I DETTAGLI<\/span><\/a><br \/>\n<img loading=\"lazy\" decoding=\"async\" class=\"scale-with-grid\" src=\"https:\/\/www.tecnodent.com\/wp-content\/uploads\/revslider\/sting\/sting5.png\" sizes=\"auto, (max-width:767px) 480px, 695px\" srcset=\"https:\/\/www.tecnodent.com\/wp-content\/uploads\/revslider\/sting\/sting5.png 695w, https:\/\/www.tecnodent.com\/wp-content\/uploads\/revslider\/sting\/sting5-300x216.png 300w, https:\/\/www.tecnodent.com\/wp-content\/uploads\/revslider\/sting\/sting5-203x146.png 203w, https:\/\/www.tecnodent.com\/wp-content\/uploads\/revslider\/sting\/sting5-50x36.png 50w, https:\/\/www.tecnodent.com\/wp-content\/uploads\/revslider\/sting\/sting5-104x75.png 104w\" alt=\"\" width=\"695\" height=\"500\" \/><\/p>\n","protected":false},"excerpt":{"rendered":"<p>AUDIOLOGIA, OTORINOLARINGOIATRIA, OTOOLOGIA AUDIOLOGIA, OTORINOLARINGOIATRIA, OTOOLOGIA LINDA 3 La poltrona knee break sempre attuale, particolarmente adatta a piccoli spazi e a pazienti con esigenze particolari. Indicata<span class=\"excerpt-hellip\"> [\u2026]<\/span><\/p>\n","protected":false},"author":4,"featured_media":5432,"parent":0,"menu_order":0,"comment_status":"closed","ping_status":"closed","template":"","meta":{"footnotes":""},"class_list":["post-7827","page","type-page","status-publish","has-post-thumbnail","hentry"],"yoast_head":"<!-- This site is optimized with the Yoast SEO plugin v27.3 - https:\/\/yoast.com\/product\/yoast-seo-wordpress\/ -->\n<title>Audiologia Otorinolaringoiatria Otoologia - Tecnodent<\/title>\n<meta name=\"description\" content=\"Audiologia Otorinolaringoiatria Otoologia - TECNODENT fa parte del gruppo FAVERO HEALTH PROJECTS leader nello sviluppo di arredi sanitari.\" \/>\n<meta name=\"robots\" content=\"index, follow, max-snippet:-1, max-image-preview:large, max-video-preview:-1\" \/>\n<link rel=\"canonical\" href=\"https:\/\/www.tecnodent.com\/it\/audiologia-otorinolaringoiatria-otoologia\/\" \/>\n<meta property=\"og:locale\" content=\"it_IT\" \/>\n<meta property=\"og:type\" content=\"article\" \/>\n<meta property=\"og:title\" content=\"Audiologia Otorinolaringoiatria Otoologia - Tecnodent\" \/>\n<meta property=\"og:description\" content=\"Audiologia Otorinolaringoiatria Otoologia - TECNODENT fa parte del gruppo FAVERO HEALTH PROJECTS leader nello sviluppo di arredi sanitari.\" \/>\n<meta property=\"og:url\" content=\"https:\/\/www.tecnodent.com\/it\/audiologia-otorinolaringoiatria-otoologia\/\" \/>\n<meta property=\"og:site_name\" content=\"Tecnodent\" \/>\n<meta property=\"article:publisher\" content=\"https:\/\/www.facebook.com\/tecnodentsrl\" \/>\n<meta property=\"article:modified_time\" content=\"2024-06-22T18:03:21+00:00\" \/>\n<meta property=\"og:image\" content=\"https:\/\/www.tecnodent.com\/wp-content\/uploads\/revslider\/linda3\/linda33.png\" \/>\n\t<meta property=\"og:image:width\" content=\"695\" \/>\n\t<meta property=\"og:image:height\" content=\"500\" \/>\n\t<meta property=\"og:image:type\" content=\"image\/png\" \/>\n<meta name=\"twitter:card\" content=\"summary_large_image\" \/>\n<meta name=\"twitter:label1\" content=\"Tempo di lettura stimato\" \/>\n\t<meta name=\"twitter:data1\" content=\"1 minuto\" \/>\n<script type=\"application\/ld+json\" class=\"yoast-schema-graph\">{\"@context\":\"https:\\\/\\\/schema.org\",\"@graph\":[{\"@type\":\"WebPage\",\"@id\":\"https:\\\/\\\/www.tecnodent.com\\\/it\\\/audiologia-otorinolaringoiatria-otoologia\\\/\",\"url\":\"https:\\\/\\\/www.tecnodent.com\\\/it\\\/audiologia-otorinolaringoiatria-otoologia\\\/\",\"name\":\"Audiologia Otorinolaringoiatria Otoologia - Tecnodent\",\"isPartOf\":{\"@id\":\"https:\\\/\\\/www.tecnodent.com\\\/it\\\/#website\"},\"primaryImageOfPage\":{\"@id\":\"https:\\\/\\\/www.tecnodent.com\\\/it\\\/audiologia-otorinolaringoiatria-otoologia\\\/#primaryimage\"},\"image\":{\"@id\":\"https:\\\/\\\/www.tecnodent.com\\\/it\\\/audiologia-otorinolaringoiatria-otoologia\\\/#primaryimage\"},\"thumbnailUrl\":\"https:\\\/\\\/www.tecnodent.com\\\/wp-content\\\/uploads\\\/revslider\\\/linda3\\\/linda33.png\",\"datePublished\":\"2024-06-01T13:43:00+00:00\",\"dateModified\":\"2024-06-22T18:03:21+00:00\",\"description\":\"Audiologia Otorinolaringoiatria Otoologia - TECNODENT fa parte del gruppo FAVERO HEALTH PROJECTS leader nello sviluppo di arredi sanitari.\",\"breadcrumb\":{\"@id\":\"https:\\\/\\\/www.tecnodent.com\\\/it\\\/audiologia-otorinolaringoiatria-otoologia\\\/#breadcrumb\"},\"inLanguage\":\"it-IT\",\"potentialAction\":[{\"@type\":\"ReadAction\",\"target\":[\"https:\\\/\\\/www.tecnodent.com\\\/it\\\/audiologia-otorinolaringoiatria-otoologia\\\/\"]}]},{\"@type\":\"ImageObject\",\"inLanguage\":\"it-IT\",\"@id\":\"https:\\\/\\\/www.tecnodent.com\\\/it\\\/audiologia-otorinolaringoiatria-otoologia\\\/#primaryimage\",\"url\":\"https:\\\/\\\/www.tecnodent.com\\\/wp-content\\\/uploads\\\/revslider\\\/linda3\\\/linda33.png\",\"contentUrl\":\"https:\\\/\\\/www.tecnodent.com\\\/wp-content\\\/uploads\\\/revslider\\\/linda3\\\/linda33.png\",\"width\":695,\"height\":500,\"caption\":\"Audiologia Otorinolaringoiatria Otoologia\"},{\"@type\":\"BreadcrumbList\",\"@id\":\"https:\\\/\\\/www.tecnodent.com\\\/it\\\/audiologia-otorinolaringoiatria-otoologia\\\/#breadcrumb\",\"itemListElement\":[{\"@type\":\"ListItem\",\"position\":1,\"name\":\"Home\",\"item\":\"https:\\\/\\\/www.tecnodent.com\\\/it\\\/\"},{\"@type\":\"ListItem\",\"position\":2,\"name\":\"Audiologia Otorinolaringoiatria Otoologia\"}]},{\"@type\":\"WebSite\",\"@id\":\"https:\\\/\\\/www.tecnodent.com\\\/it\\\/#website\",\"url\":\"https:\\\/\\\/www.tecnodent.com\\\/it\\\/\",\"name\":\"Tecnodent\",\"description\":\"Ergonomic Innovation\",\"publisher\":{\"@id\":\"https:\\\/\\\/www.tecnodent.com\\\/it\\\/#organization\"},\"potentialAction\":[{\"@type\":\"SearchAction\",\"target\":{\"@type\":\"EntryPoint\",\"urlTemplate\":\"https:\\\/\\\/www.tecnodent.com\\\/it\\\/?s={search_term_string}\"},\"query-input\":{\"@type\":\"PropertyValueSpecification\",\"valueRequired\":true,\"valueName\":\"search_term_string\"}}],\"inLanguage\":\"it-IT\"},{\"@type\":\"Organization\",\"@id\":\"https:\\\/\\\/www.tecnodent.com\\\/it\\\/#organization\",\"name\":\"Tecnodent\",\"url\":\"https:\\\/\\\/www.tecnodent.com\\\/it\\\/\",\"logo\":{\"@type\":\"ImageObject\",\"inLanguage\":\"it-IT\",\"@id\":\"https:\\\/\\\/www.tecnodent.com\\\/it\\\/#\\\/schema\\\/logo\\\/image\\\/\",\"url\":\"https:\\\/\\\/www.tecnodent.com\\\/wp-content\\\/uploads\\\/2024\\\/06\\\/Logo-Tecnodent-1.jpg\",\"contentUrl\":\"https:\\\/\\\/www.tecnodent.com\\\/wp-content\\\/uploads\\\/2024\\\/06\\\/Logo-Tecnodent-1.jpg\",\"width\":696,\"height\":696,\"caption\":\"Tecnodent\"},\"image\":{\"@id\":\"https:\\\/\\\/www.tecnodent.com\\\/it\\\/#\\\/schema\\\/logo\\\/image\\\/\"},\"sameAs\":[\"https:\\\/\\\/www.facebook.com\\\/tecnodentsrl\",\"https:\\\/\\\/www.instagram.com\\\/tecnodent_ergonomic_innovation\\\/\"]}]}<\/script>\n<!-- \/ Yoast SEO plugin. -->","yoast_head_json":{"title":"Audiologia Otorinolaringoiatria Otoologia - Tecnodent","description":"Audiologia Otorinolaringoiatria Otoologia - TECNODENT fa parte del gruppo FAVERO HEALTH PROJECTS leader nello sviluppo di arredi sanitari.","robots":{"index":"index","follow":"follow","max-snippet":"max-snippet:-1","max-image-preview":"max-image-preview:large","max-video-preview":"max-video-preview:-1"},"canonical":"https:\/\/www.tecnodent.com\/it\/audiologia-otorinolaringoiatria-otoologia\/","og_locale":"it_IT","og_type":"article","og_title":"Audiologia Otorinolaringoiatria Otoologia - Tecnodent","og_description":"Audiologia Otorinolaringoiatria Otoologia - TECNODENT fa parte del gruppo FAVERO HEALTH PROJECTS leader nello sviluppo di arredi sanitari.","og_url":"https:\/\/www.tecnodent.com\/it\/audiologia-otorinolaringoiatria-otoologia\/","og_site_name":"Tecnodent","article_publisher":"https:\/\/www.facebook.com\/tecnodentsrl","article_modified_time":"2024-06-22T18:03:21+00:00","og_image":[{"width":695,"height":500,"url":"https:\/\/www.tecnodent.com\/wp-content\/uploads\/revslider\/linda3\/linda33.png","type":"image\/png"}],"twitter_card":"summary_large_image","twitter_misc":{"Tempo di lettura stimato":"1 minuto"},"schema":{"@context":"https:\/\/schema.org","@graph":[{"@type":"WebPage","@id":"https:\/\/www.tecnodent.com\/it\/audiologia-otorinolaringoiatria-otoologia\/","url":"https:\/\/www.tecnodent.com\/it\/audiologia-otorinolaringoiatria-otoologia\/","name":"Audiologia Otorinolaringoiatria Otoologia - Tecnodent","isPartOf":{"@id":"https:\/\/www.tecnodent.com\/it\/#website"},"primaryImageOfPage":{"@id":"https:\/\/www.tecnodent.com\/it\/audiologia-otorinolaringoiatria-otoologia\/#primaryimage"},"image":{"@id":"https:\/\/www.tecnodent.com\/it\/audiologia-otorinolaringoiatria-otoologia\/#primaryimage"},"thumbnailUrl":"https:\/\/www.tecnodent.com\/wp-content\/uploads\/revslider\/linda3\/linda33.png","datePublished":"2024-06-01T13:43:00+00:00","dateModified":"2024-06-22T18:03:21+00:00","description":"Audiologia Otorinolaringoiatria Otoologia - TECNODENT fa parte del gruppo FAVERO HEALTH PROJECTS leader nello sviluppo di arredi sanitari.","breadcrumb":{"@id":"https:\/\/www.tecnodent.com\/it\/audiologia-otorinolaringoiatria-otoologia\/#breadcrumb"},"inLanguage":"it-IT","potentialAction":[{"@type":"ReadAction","target":["https:\/\/www.tecnodent.com\/it\/audiologia-otorinolaringoiatria-otoologia\/"]}]},{"@type":"ImageObject","inLanguage":"it-IT","@id":"https:\/\/www.tecnodent.com\/it\/audiologia-otorinolaringoiatria-otoologia\/#primaryimage","url":"https:\/\/www.tecnodent.com\/wp-content\/uploads\/revslider\/linda3\/linda33.png","contentUrl":"https:\/\/www.tecnodent.com\/wp-content\/uploads\/revslider\/linda3\/linda33.png","width":695,"height":500,"caption":"Audiologia Otorinolaringoiatria Otoologia"},{"@type":"BreadcrumbList","@id":"https:\/\/www.tecnodent.com\/it\/audiologia-otorinolaringoiatria-otoologia\/#breadcrumb","itemListElement":[{"@type":"ListItem","position":1,"name":"Home","item":"https:\/\/www.tecnodent.com\/it\/"},{"@type":"ListItem","position":2,"name":"Audiologia Otorinolaringoiatria Otoologia"}]},{"@type":"WebSite","@id":"https:\/\/www.tecnodent.com\/it\/#website","url":"https:\/\/www.tecnodent.com\/it\/","name":"Tecnodent","description":"Ergonomic Innovation","publisher":{"@id":"https:\/\/www.tecnodent.com\/it\/#organization"},"potentialAction":[{"@type":"SearchAction","target":{"@type":"EntryPoint","urlTemplate":"https:\/\/www.tecnodent.com\/it\/?s={search_term_string}"},"query-input":{"@type":"PropertyValueSpecification","valueRequired":true,"valueName":"search_term_string"}}],"inLanguage":"it-IT"},{"@type":"Organization","@id":"https:\/\/www.tecnodent.com\/it\/#organization","name":"Tecnodent","url":"https:\/\/www.tecnodent.com\/it\/","logo":{"@type":"ImageObject","inLanguage":"it-IT","@id":"https:\/\/www.tecnodent.com\/it\/#\/schema\/logo\/image\/","url":"https:\/\/www.tecnodent.com\/wp-content\/uploads\/2024\/06\/Logo-Tecnodent-1.jpg","contentUrl":"https:\/\/www.tecnodent.com\/wp-content\/uploads\/2024\/06\/Logo-Tecnodent-1.jpg","width":696,"height":696,"caption":"Tecnodent"},"image":{"@id":"https:\/\/www.tecnodent.com\/it\/#\/schema\/logo\/image\/"},"sameAs":["https:\/\/www.facebook.com\/tecnodentsrl","https:\/\/www.instagram.com\/tecnodent_ergonomic_innovation\/"]}]}},"_links":{"self":[{"href":"https:\/\/www.tecnodent.com\/it\/wp-json\/wp\/v2\/pages\/7827","targetHints":{"allow":["GET"]}}],"collection":[{"href":"https:\/\/www.tecnodent.com\/it\/wp-json\/wp\/v2\/pages"}],"about":[{"href":"https:\/\/www.tecnodent.com\/it\/wp-json\/wp\/v2\/types\/page"}],"author":[{"embeddable":true,"href":"https:\/\/www.tecnodent.com\/it\/wp-json\/wp\/v2\/users\/4"}],"replies":[{"embeddable":true,"href":"https:\/\/www.tecnodent.com\/it\/wp-json\/wp\/v2\/comments?post=7827"}],"version-history":[{"count":5,"href":"https:\/\/www.tecnodent.com\/it\/wp-json\/wp\/v2\/pages\/7827\/revisions"}],"predecessor-version":[{"id":11770,"href":"https:\/\/www.tecnodent.com\/it\/wp-json\/wp\/v2\/pages\/7827\/revisions\/11770"}],"wp:featuredmedia":[{"embeddable":true,"href":"https:\/\/www.tecnodent.com\/it\/wp-json\/wp\/v2\/media\/5432"}],"wp:attachment":[{"href":"https:\/\/www.tecnodent.com\/it\/wp-json\/wp\/v2\/media?parent=7827"}],"curies":[{"name":"wp","href":"https:\/\/api.w.org\/{rel}","templated":true}]}}